{"id":3541,"date":"2025-03-28T06:34:10","date_gmt":"2025-03-28T09:34:10","guid":{"rendered":"https:\/\/www.maquila.org.py\/v3\/?page_id=3541"},"modified":"2025-03-28T06:34:11","modified_gmt":"2025-03-28T09:34:11","slug":"preguntas-frecuentes","status":"publish","type":"page","link":"https:\/\/www.maquila.org.py\/v3\/preguntas-frecuentes\/","title":{"rendered":"Preguntas Frecuentes"},"content":{"rendered":"<p><strong>\u00bfQui\u00e9nes pueden acogerse a los beneficios de esta Ley?<\/strong><br>Cualquier persona, f\u00edsica o jur\u00eddica, nacional o extranjera domiciliada en el pa\u00eds y que se encuentre habilitada para realizar actos de comercio puede solicitar la aprobaci\u00f3n de un programa de maquila de exportaci\u00f3n.<\/p><p><strong>\u00bfD\u00f3nde pueden instalarse?<\/strong><br>En cualquier parte del territorio nacional, con la \u00fanica limitaci\u00f3n dada por los programas nacionales, departamentales y municipales de desarrollo urbano y cuestiones medioambientales.<\/p><p><strong>\u00bfCon qu\u00e9 figura?<\/strong><br>En cualquiera de las formas establecidas en la Ley: Sociedades An\u00f3nimas (S.A.), en Comanditas, de Responsabilidad Limitada (S.R.L.), Sucursales de Empresas Extranjeras o Empresa individual con Responsabilidad Limitada.<\/p><p><strong>\u00bfCon qu\u00e9 exigencias en relaci\u00f3n a propietarios?<\/strong><br>Pueden ser 100% de capital extranjero, 100% nacional, joint ventures. La Ley 117\/91 \u201cDe inversiones\u201d ofrece las mismas garant\u00edas a las inversiones nacionales y extranjeras.<\/p><p><strong>\u00bfC\u00f3mo se rigen los Aspectos Medioambientales?<\/strong><br>Todo lo que respecta a las cuestiones ambientales, se derivan a las leyes, reglamentos y ordenanzas referentes al mismo.<\/p><p><strong>\u00bfC\u00f3mo se rigen los aspectos Laborales?<\/strong><br>Todo lo que ata\u00f1e a esta \u00e1rea, queda derivado al C\u00f3digo Laboral en las cuestiones de fondo y al C\u00f3digo Procesal Laboral para las cuestiones de forma.<\/p><p><strong>Inscripci\u00f3n:<\/strong><br>De la Persona F\u00edsica o Jur\u00eddica en la Secretar\u00eda Ejecutiva del CNIME-Consejo Nacional de las Industrias Maquiladoras de Exportaci\u00f3n.<\/p><p><strong>Presentaci\u00f3n del Programa de Maquila:<\/strong><br>El que contiene en detalle la descripci\u00f3n y caracter\u00edsticas del proceso industrial o de servicio, cronograma de importaciones, de producci\u00f3n, de exportaciones, de generaci\u00f3n de empleos, porcentaje de valor agregado, porcentaje de mermas y desperdicios, per\u00edodo de tiempo que abarcar\u00e1 el programa y otros especificados en la reglamentaci\u00f3n correspondiente. Debe acompa\u00f1arse de una Carta de Intenci\u00f3n en caso de no contarse a\u00fan con el Contrato de Maquila .<\/p><p><strong>Aprobaci\u00f3n por parte del CNIME:<\/strong><br>El CNIME procede a evaluar, emitir opini\u00f3n previa y comunicar a los Ministerios de Industria y Comercio y de Hacienda, para que estos otorguen su aprobaci\u00f3n para la ejecuci\u00f3n del \u201cPrograma de Maquila\u201d por Resoluci\u00f3n Biministerial correspondiente<\/p><p><strong>Emisi\u00f3n de Resoluci\u00f3n Biministerial:<\/strong><br>Previa aprobaci\u00f3n del CNIME y completados todos los recaudos legales pertinentes se procede a la confecci\u00f3n de la Resoluci\u00f3n Biministerial, la cual es firmada por los Ministros de Industria y Comercio y de Hacienda.<\/p><p><strong>Presentaci\u00f3n del Contrato de Maquila:<\/strong><br>A partir de la entrega de la Resoluci\u00f3n Biministerial, la empresa maquiladora tiene un plazo de 120 d\u00edas para la presentaci\u00f3n del Contrato de Maquila, siendo esta presentaci\u00f3n requisito indispensable para dar inicio a las operaciones contempladas en el Programa.<\/p><p><strong>Inicio de las Operaciones:<\/strong><br>Cumplidos todos los requisitos la empresa da Inicio a las operaciones de maquila, con el correspondiente seguimiento y supervisi\u00f3n del CNIME.<\/p>","protected":false},"excerpt":{"rendered":"<p>\u00bfQui\u00e9nes pueden acogerse a los beneficios de esta Ley?Cualquier persona, f\u00edsica o jur\u00eddica, nacional o extranjera domiciliada en el pa\u00eds y que se encuentre habilitada para realizar actos de comercio puede solicitar la aprobaci\u00f3n de un programa de maquila de exportaci\u00f3n. \u00bfD\u00f3nde pueden instalarse?En cualquier parte del territorio nacional, con la \u00fanica limitaci\u00f3n dada por&#8230;<\/p>\n","protected":false},"author":1,"featured_media":0,"parent":0,"menu_order":0,"comment_status":"closed","ping_status":"closed","template":"","meta":{"pgc_sgb_lightbox_settings":"","_joinchat":[],"footnotes":""},"class_list":["post-3541","page","type-page","status-publish","hentry"],"_links":{"self":[{"href":"https:\/\/www.maquila.org.py\/v3\/wp-json\/wp\/v2\/pages\/3541"}],"collection":[{"href":"https:\/\/www.maquila.org.py\/v3\/wp-json\/wp\/v2\/pages"}],"about":[{"href":"https:\/\/www.maquila.org.py\/v3\/wp-json\/wp\/v2\/types\/page"}],"author":[{"embeddable":true,"href":"https:\/\/www.maquila.org.py\/v3\/wp-json\/wp\/v2\/users\/1"}],"replies":[{"embeddable":true,"href":"https:\/\/www.maquila.org.py\/v3\/wp-json\/wp\/v2\/comments?post=3541"}],"version-history":[{"count":1,"href":"https:\/\/www.maquila.org.py\/v3\/wp-json\/wp\/v2\/pages\/3541\/revisions"}],"predecessor-version":[{"id":3542,"href":"https:\/\/www.maquila.org.py\/v3\/wp-json\/wp\/v2\/pages\/3541\/revisions\/3542"}],"wp:attachment":[{"href":"https:\/\/www.maquila.org.py\/v3\/wp-json\/wp\/v2\/media?parent=3541"}],"curies":[{"name":"wp","href":"https:\/\/api.w.org\/{rel}","templated":true}]}}