{"id":3543,"date":"2025-03-28T06:42:36","date_gmt":"2025-03-28T09:42:36","guid":{"rendered":"https:\/\/www.maquila.org.py\/v3\/?page_id=3543"},"modified":"2025-04-03T01:27:52","modified_gmt":"2025-04-03T04:27:52","slug":"beneficios-principales","status":"publish","type":"page","link":"https:\/\/www.maquila.org.py\/v3\/beneficios-principales\/","title":{"rendered":"Beneficios Principales"},"content":{"rendered":"<figure class=\"wp-block-image size-full\"><img fetchpriority=\"high\" decoding=\"async\" width=\"1100\" height=\"380\" src=\"https:\/\/www.maquila.org.py\/v3\/wp-content\/uploads\/2025\/04\/datas.jpg\" alt=\"\" class=\"wp-image-3728\" srcset=\"https:\/\/www.maquila.org.py\/v3\/wp-content\/uploads\/2025\/04\/datas.jpg 1100w, https:\/\/www.maquila.org.py\/v3\/wp-content\/uploads\/2025\/04\/datas-300x104.jpg 300w, https:\/\/www.maquila.org.py\/v3\/wp-content\/uploads\/2025\/04\/datas-1024x354.jpg 1024w, https:\/\/www.maquila.org.py\/v3\/wp-content\/uploads\/2025\/04\/datas-255x88.jpg 255w, https:\/\/www.maquila.org.py\/v3\/wp-content\/uploads\/2025\/04\/datas-510x176.jpg 510w, https:\/\/www.maquila.org.py\/v3\/wp-content\/uploads\/2025\/04\/datas-280x97.jpg 280w, https:\/\/www.maquila.org.py\/v3\/wp-content\/uploads\/2025\/04\/datas-560x193.jpg 560w, https:\/\/www.maquila.org.py\/v3\/wp-content\/uploads\/2025\/04\/datas-350x121.jpg 350w, https:\/\/www.maquila.org.py\/v3\/wp-content\/uploads\/2025\/04\/datas-700x242.jpg 700w, https:\/\/www.maquila.org.py\/v3\/wp-content\/uploads\/2025\/04\/datas-398x137.jpg 398w, https:\/\/www.maquila.org.py\/v3\/wp-content\/uploads\/2025\/04\/datas-796x275.jpg 796w, https:\/\/www.maquila.org.py\/v3\/wp-content\/uploads\/2025\/04\/datas-327x113.jpg 327w\" sizes=\"(max-width: 1100px) 100vw, 1100px\" \/><\/figure><p><strong>Un Tributo \u00danico del Uno por ciento<\/strong><br>Las operaciones bajo el r\u00e9gimen de maquila est\u00e1n exentas de todo tributo o tasa relativa al proceso productivo. \u00danicamente un Tributo \u00danico del Uno por ciento es aplicado sobre el valor agregado al producto dentro del territorio paraguayo.<br><strong><br>Recuperaci\u00f3n del IVA (Impuesto al Valor Agregado)<\/strong><br>Las empresas maquiladoras est\u00e1n exentas del pago del Impuesto al Valor Agregado. Pueden recuperar el IVA correspondiente a las compras de bienes y servicios en forma de Cr\u00e9ditos Fiscales, endosables y negociables.<br><strong><br>Suspensi\u00f3n de aranceles de importaci\u00f3n<\/strong><br>El r\u00e9gimen de maquila permite a las empresas importar materias primas, maquinarias y los insumos necesarios por medio de un sistema de admisi\u00f3n temporaria en el cual los aranceles e impuestos de importaci\u00f3n quedan suspendidos.<\/p><p><strong>Remesas de ingresos y dividendos al exterior<\/strong><br>Las empresas maquiladoras est\u00e1n exentas del pago de cualquier tasa o tributo sobre las remesas de ingresos y dividendos al exterior. (Actualemente en estudio)<\/p><p><strong>Entre otras exenciones fiscales adicionales est\u00e1n incluidas los siguientes tributos:<\/strong><br>\u2013 Tasas sobre actos y documentos.<br>\u2013 Pago de Tasas por Servicio de Valoraci\u00f3n Aduanera.<br>\u2013 Aranceles Consulares.<br>\u2013 Tasas Portuarias (50%) y Aeroportuarias.<br>\u2013 La totalidad de los impuestos, tasas y contribuciones que graven las garant\u00edas que las empresas maquiladoras.<br>\u2013 La totalidad de los impuestos, tasas y contribuciones que graven los pr\u00e9stamos destinados a financiar las operaciones de maquila.<\/p><p><strong>Beneficios adicionales para empresas que realizan exclusivamente operaciones de maquila:<\/strong><br>\u2013 Exoneraci\u00f3n del Impuesto de Patentes a Comercios, Industrias, Profesiones y Oficios.<br>\u2013 Exoneraci\u00f3n del Impuesto a la Construcci\u00f3n que afecte a la planta industrial o de servicios de la empresa maquiladora.<br>\u2013 Exoneraci\u00f3n de tasas municipales.<br>\u2013 Exoneraci\u00f3n del Impuesto al Valor Agregado que grava las operaciones de arrendamiento o leasing de las maquinarias y equipos que forman parte del Programa de Maquila.<\/p><p><strong>Reglas de Origen del MERCOSUR<\/strong><br>Existe un requerimiento de contenido regional que considera la producci\u00f3n como originaria de un pa\u00eds.<br>Actualmente, este contenido regional debe ser del 40%. Es decir, que cualquier bien producido en Paraguay debe tener un contenido regional de, al menos, un 40%. El siguiente 60% puede provenir de cualquier pa\u00eds de extrazona. Alcanzando dicho contenido regional, los bienes producidos pueden acceder al mercado de cualquiera de los otros miembros del MERCOSUR libre de aranceles e impuestos.<\/p><p><strong>De 2004&nbsp; a&nbsp; 2008 la relaci\u00f3n de contenido regional es como sigue:<\/strong><br>MERCOSUR: 40%<br>Extrazona: 60%<\/p><p><strong>De 2009&nbsp; a&nbsp; 2014:<\/strong><br>MERCOSUR: 50%<br>Extrazona: 50%<\/p><p><strong>De 2015&nbsp; a&nbsp; 2023:<\/strong><br>MERCOSUR: 40%<br>Extrazona: 60%<\/p><p><\/p>","protected":false},"excerpt":{"rendered":"<p>Un Tributo \u00danico del Uno por cientoLas operaciones bajo el r\u00e9gimen de maquila est\u00e1n exentas de todo tributo o tasa relativa al proceso productivo. \u00danicamente un Tributo \u00danico del Uno por ciento es aplicado sobre el valor agregado al producto dentro del territorio paraguayo.Recuperaci\u00f3n del IVA (Impuesto al Valor Agregado)Las empresas maquiladoras est\u00e1n exentas del&#8230;<\/p>\n","protected":false},"author":1,"featured_media":0,"parent":0,"menu_order":0,"comment_status":"closed","ping_status":"closed","template":"","meta":{"pgc_sgb_lightbox_settings":"","_joinchat":[],"footnotes":""},"class_list":["post-3543","page","type-page","status-publish","hentry"],"_links":{"self":[{"href":"https:\/\/www.maquila.org.py\/v3\/wp-json\/wp\/v2\/pages\/3543"}],"collection":[{"href":"https:\/\/www.maquila.org.py\/v3\/wp-json\/wp\/v2\/pages"}],"about":[{"href":"https:\/\/www.maquila.org.py\/v3\/wp-json\/wp\/v2\/types\/page"}],"author":[{"embeddable":true,"href":"https:\/\/www.maquila.org.py\/v3\/wp-json\/wp\/v2\/users\/1"}],"replies":[{"embeddable":true,"href":"https:\/\/www.maquila.org.py\/v3\/wp-json\/wp\/v2\/comments?post=3543"}],"version-history":[{"count":2,"href":"https:\/\/www.maquila.org.py\/v3\/wp-json\/wp\/v2\/pages\/3543\/revisions"}],"predecessor-version":[{"id":3729,"href":"https:\/\/www.maquila.org.py\/v3\/wp-json\/wp\/v2\/pages\/3543\/revisions\/3729"}],"wp:attachment":[{"href":"https:\/\/www.maquila.org.py\/v3\/wp-json\/wp\/v2\/media?parent=3543"}],"curies":[{"name":"wp","href":"https:\/\/api.w.org\/{rel}","templated":true}]}}