{"id":3563,"date":"2025-03-28T08:19:48","date_gmt":"2025-03-28T11:19:48","guid":{"rendered":"https:\/\/www.maquila.org.py\/v3\/?page_id=3563"},"modified":"2025-04-02T14:49:02","modified_gmt":"2025-04-02T17:49:02","slug":"que-es-maquila","status":"publish","type":"page","link":"https:\/\/www.maquila.org.py\/v3\/que-es-maquila\/","title":{"rendered":"\u00bfQu\u00e9 es Maquila?"},"content":{"rendered":"<p>El R\u00e9gimen de Maquila es un sistema de producci\u00f3n de bienes y prestaci\u00f3n de servicios, cuyo objetivo es el desarrollo industrial, la creaci\u00f3n de empleo y el incremento de las exportaciones. La producci\u00f3n o prestaci\u00f3n se realiza por cuenta y orden de una empresa domiciliada en el extranjero, la cual se denomina matriz. En virtud de un contrato internacional todo lo que se produce en territorio nacional se exporta a cualquier parte del mundo.&nbsp;<\/p><p>La maquila ofrece una oportunidad \u00fanica a inversionistas que quieran aprovechar las condiciones preferenciales que ofrece el Paraguay as\u00ed como las ofrecidas por el r\u00e9gimen de maquila para aumentar considerablemente su competitividad.&nbsp;<\/p><p>En el Paraguay el R\u00e9gimen de Maquila&nbsp;<strong>fue creado por la Ley N\u00ba 1064 del a\u00f1o 1997 \u00abDe la Industria Maquiladora de Exportaci\u00f3n\u00bb y est\u00e1 reglamentado por el Decreto N\u00ba 9585 del a\u00f1o 2000,<\/strong> cuyo principal objetivo es el de promover el establecimiento y regular las operaciones de las empresas maquiladoras en el Paraguay.<\/p><p>Desde sus inicios, este r\u00e9gimen ha demostrado ser una herramienta genuina de apoyo al desarrollo de la econom\u00eda nacional. Con la maquila, no solamente productos con sello \u00abmade in Paraguay\/ fabricado no Paraguay \/ Hecho en Paraguay\u00bb han recorrido el mundo entero haciendo conocer la capacidad productiva de nuestro pa\u00eds, sino que adem\u00e1s es fundamental para la generaci\u00f3n de puestos de trabajo y para dinamizar nuestra econom\u00eda.<\/p><hr class=\"wp-block-separator has-alpha-channel-opacity\"\/><h1 class=\"wp-block-heading\">Operativa<\/h1><p>En julio del a\u00f1o 2000 fue reglamentada la LEY 1064\/97 \u201cDE LA INDUSTRIA MAQUILADORA DE EXPORTACI\u00d3N\u201d, que tiene por objeto promover el establecimiento y regular las operaciones de empresas maquiladoras que se dediquen total o parcialmente a realizar procesos productivos tangibles o intangibles, combinando bienes o servicios de procedencia extranjera importados temporalmente, con mano de obra y otros recursos nacionales, destinando su producci\u00f3n a los mercados de exportaci\u00f3n.<\/p><p>Esta actividad es realizada en virtud del Contrato de Maquila, suscrito entre una empresa domiciliada dentro del territorio nacional (Maquiladora) y otra domiciliada en el exterior (Matriz).<\/p><p>La Maquila Paraguaya se encuentra hoy operativa y en etapa de expansi\u00f3n, con el trabajo conjunto de los Sectores privado y p\u00fablico, a trav\u00e9s del Consejo Nacional de las Industrias Maquiladoras de Exportaci\u00f3n (CNIME), la C\u00e1mara de Empresas Maquiladoras del Paraguay (CEMAP), y otros gremios interesados.<\/p><p><strong>Maquila<\/strong><br>Realizaci\u00f3n, bajo contrato con una matriz extranjera, de procesos industriales o de servicios, totales o parciales sobre bienes tangibles o intangibles, admitidos temporalmente Las entradas y salidas de todos los bienes previstos en el Programa de Maquila son administradas por un Sistema de Cuentas Corrientes que maneja la admisi\u00f3n temporaria, procesamiento y devoluci\u00f3n al exterior, y donde las Maquiladoras est\u00e1n estructuradas como Centros de Costos de Producci\u00f3n<br>La garant\u00eda ofrecida por la Maquiladora debe ser suficiente en todo momento para cubrir la sumatoria de los impuestos temporalmente suspendidos, indicados por el saldo en cuenta<br><img fetchpriority=\"high\" decoding=\"async\" src=\"https:\/\/www.maquila.org.py\/wp-content\/uploads\/2024\/08\/ICONOS-1.jpg\" alt=\"\" width=\"765\" height=\"450\" srcset=\"https:\/\/www.maquila.org.py\/wp-content\/uploads\/2024\/08\/ICONOS-1.jpg 765w, https:\/\/www.maquila.org.py\/wp-content\/uploads\/2024\/08\/ICONOS-1-300x176.jpg 300w\"><\/p><p>La Matriz env\u00eda a la maquiladora, bienes de capital, materias primas, insumos, directamente o desde otros pa\u00edses; estos bienes entran al pa\u00eds bajo la figura de admisi\u00f3n temporaria durante el tiempo establecido en el Programa (12 meses prorrogables a 12 meses m\u00e1s), con suspensi\u00f3n del pago de impuestos, previo afianzamiento que garantice los montos de los grav\u00e1menes eventualmente aplicables.<br>La maquiladora a su vez podr\u00e1 contratar bienes, servicios, mano de obra y otros dentro del territorio paraguayo o importar de otros pa\u00edses por cuenta y orden de la Matriz.<br><img decoding=\"async\" src=\"https:\/\/www.maquila.org.py\/wp-content\/uploads\/2024\/08\/ICONOS-2.jpg\" alt=\"\" width=\"813\" height=\"563\" srcset=\"https:\/\/www.maquila.org.py\/wp-content\/uploads\/2024\/08\/ICONOS-2.jpg 813w, https:\/\/www.maquila.org.py\/wp-content\/uploads\/2024\/08\/ICONOS-2-300x208.jpg 300w, https:\/\/www.maquila.org.py\/wp-content\/uploads\/2024\/08\/ICONOS-2-768x532.jpg 768w\"><\/p><p>Los productos resultantes del servicio de maquilado, son enviados nuevamente a la Matriz o al mercado de exportaci\u00f3n por cuenta y orden de la Matriz; o como parte del programa pueden ser exportados temporalmente para la realizaci\u00f3n de procesos complementarios en el exterior.<br>Los sub productos y desperdicios pueden ser reexportados, destruidos, o nacionalizados para su posterior donaci\u00f3n o venta en el mercado local,. La nacionalizaci\u00f3n implica el pago de todos los grav\u00e1menes temporalmente suspendidos.<br><img decoding=\"async\" src=\"https:\/\/www.maquila.org.py\/wp-content\/uploads\/2024\/08\/ICONOS-5.jpg\" alt=\"\" width=\"891\" height=\"699\" srcset=\"https:\/\/www.maquila.org.py\/wp-content\/uploads\/2024\/08\/ICONOS-5.jpg 891w, https:\/\/www.maquila.org.py\/wp-content\/uploads\/2024\/08\/ICONOS-5-300x235.jpg 300w, https:\/\/www.maquila.org.py\/wp-content\/uploads\/2024\/08\/ICONOS-5-768x603.jpg 768w\"><\/p><p>Las entradas y salidas de todos los bienes previstos en el Programa de Maquila son administradas por un Sistema de Cuentas Corrientes que maneja la admisi\u00f3n temporaria, procesamiento y devoluci\u00f3n al exterior,<br>La garant\u00eda ofrecida por la Maquiladora debe ser suficiente en todo momento para cubrir la sumatoria de los impuestos temporalmente suspendidos, indicados por el saldo en cuenta corriente. El mismo registra d\u00e9bito con cada importaci\u00f3n, y cr\u00e9dito con las respectivas exportaciones, destrucciones o nacionalizaciones; en un proceso continuo.<br><img loading=\"lazy\" decoding=\"async\" src=\"https:\/\/www.maquila.org.py\/wp-content\/uploads\/2024\/08\/ICONOS-3.jpg\" alt=\"\" width=\"1024\" height=\"818\" srcset=\"https:\/\/www.maquila.org.py\/wp-content\/uploads\/2024\/08\/ICONOS-3.jpg 1024w, https:\/\/www.maquila.org.py\/wp-content\/uploads\/2024\/08\/ICONOS-3-300x240.jpg 300w, https:\/\/www.maquila.org.py\/wp-content\/uploads\/2024\/08\/ICONOS-3-768x614.jpg 768w\"><\/p><p>\u2022 Tanto el Contrato de Maquila como el de Sub-Maquila, se encuentran gravados por un tributo \u00fanico del 1% (uno por ciento) sobre el valor agregado en territorio nacional o sobre la facturaci\u00f3n realizada por cuenta y orden de la Matriz.<br>\u2022 Se entiende por \u201cValor agregado en territorio nacional\u201d, la suma de los bienes adquiridos en el pa\u00eds, los servicios contratados y los salarios pagados, para cumplir con el Contrato de Maquila y sub-Maquila, la depreciaci\u00f3n de los bienes de capital de la Maquiladora o sub-maquiladora y el precio de realizar el servicio de maquila y submaquila.<br>\u2022 El Contrato de Maquila y las actividades realizadas en ejecuci\u00f3n del mismo se encuentran exentas de todo otro tributo nacional departamental o municipal.<br><img loading=\"lazy\" decoding=\"async\" src=\"https:\/\/www.maquila.org.py\/wp-content\/uploads\/2024\/08\/ICONOS-4.jpg\" alt=\"\" width=\"874\" height=\"569\" srcset=\"https:\/\/www.maquila.org.py\/wp-content\/uploads\/2024\/08\/ICONOS-4.jpg 874w, https:\/\/www.maquila.org.py\/wp-content\/uploads\/2024\/08\/ICONOS-4-300x195.jpg 300w, https:\/\/www.maquila.org.py\/wp-content\/uploads\/2024\/08\/ICONOS-4-768x500.jpg 768w\"><\/p><hr class=\"wp-block-separator has-alpha-channel-opacity\"\/>","protected":false},"excerpt":{"rendered":"<p>El R\u00e9gimen de Maquila es un sistema de producci\u00f3n de bienes y prestaci\u00f3n de servicios, cuyo objetivo es el desarrollo industrial, la creaci\u00f3n de empleo y el incremento de las exportaciones. La producci\u00f3n o prestaci\u00f3n se realiza por cuenta y orden de una empresa domiciliada en el extranjero, la cual se denomina matriz. En virtud&#8230;<\/p>\n","protected":false},"author":1,"featured_media":0,"parent":0,"menu_order":0,"comment_status":"closed","ping_status":"closed","template":"","meta":{"pgc_sgb_lightbox_settings":"","_joinchat":[],"footnotes":""},"class_list":["post-3563","page","type-page","status-publish","hentry"],"_links":{"self":[{"href":"https:\/\/www.maquila.org.py\/v3\/wp-json\/wp\/v2\/pages\/3563"}],"collection":[{"href":"https:\/\/www.maquila.org.py\/v3\/wp-json\/wp\/v2\/pages"}],"about":[{"href":"https:\/\/www.maquila.org.py\/v3\/wp-json\/wp\/v2\/types\/page"}],"author":[{"embeddable":true,"href":"https:\/\/www.maquila.org.py\/v3\/wp-json\/wp\/v2\/users\/1"}],"replies":[{"embeddable":true,"href":"https:\/\/www.maquila.org.py\/v3\/wp-json\/wp\/v2\/comments?post=3563"}],"version-history":[{"count":6,"href":"https:\/\/www.maquila.org.py\/v3\/wp-json\/wp\/v2\/pages\/3563\/revisions"}],"predecessor-version":[{"id":3688,"href":"https:\/\/www.maquila.org.py\/v3\/wp-json\/wp\/v2\/pages\/3563\/revisions\/3688"}],"wp:attachment":[{"href":"https:\/\/www.maquila.org.py\/v3\/wp-json\/wp\/v2\/media?parent=3563"}],"curies":[{"name":"wp","href":"https:\/\/api.w.org\/{rel}","templated":true}]}}