{"id":3566,"date":"2025-03-28T08:25:43","date_gmt":"2025-03-28T11:25:43","guid":{"rendered":"https:\/\/www.maquila.org.py\/v3\/?page_id=3566"},"modified":"2025-03-28T08:25:45","modified_gmt":"2025-03-28T11:25:45","slug":"proceso-de-inscripcion","status":"publish","type":"page","link":"https:\/\/www.maquila.org.py\/v3\/proceso-de-inscripcion\/","title":{"rendered":"Proceso de Inscripci\u00f3n"},"content":{"rendered":"<p>El proceso operativo del r\u00e9gimen de maquila, desde su inscripci\u00f3n hasta la operativa final que es la emisi\u00f3n del informe de cuenta corriente, es totalmente electr\u00f3nico y se gestiona desde el sistema integrado de maquila de exportaci\u00f3n (SIMEX).<\/p><p>Existen las siguientes modalidades y tipo de operaci\u00f3n de programa de maquila:<\/p><p>\u2022 Maquila Pura: solo para exportaci\u00f3n<br>\u2022 Maquila por capacidad ociosa: para exportaci\u00f3n y venta en el mercado local. Para las ventas locales se deber\u00e1n abonar todos los tributos locales.<br>\u2022 Maquila albergue o shelter: no realiza proceso productivo pero s\u00ed una intermediaci\u00f3n para la exportaci\u00f3n.<\/p><p>Antes de la presentaci\u00f3n de la solicitud de aprobaci\u00f3n del programa de maquila, el solicitante deber\u00e1 inscribirse como empresa maquiladora, a trav\u00e9s de la Ventanilla \u00danica del Exportador (<a href=\"http:\/\/www.vue.org.py\" target=\"_blank\" rel=\"noreferrer noopener\">http:\/\/www.vue.org.py<\/a>). La Secretar\u00eda Ejecutiva del CNIME otorgar\u00e1 la correspondiente Constancia de Inscripci\u00f3n, la cual tendr\u00eda una validez de 90 d\u00edas para presentar el Programa de Maquila.<\/p><figure class=\"wp-block-image\"><img decoding=\"async\" src=\"https:\/\/www.maquila.org.py\/wp-content\/uploads\/2024\/07\/beneficios.jpg\" alt=\"\" class=\"wp-image-725\"\/><\/figure><hr class=\"wp-block-separator has-alpha-channel-opacity\"\/><p><\/p>","protected":false},"excerpt":{"rendered":"<p>El proceso operativo del r\u00e9gimen de maquila, desde su inscripci\u00f3n hasta la operativa final que es la emisi\u00f3n del informe de cuenta corriente, es totalmente electr\u00f3nico y se gestiona desde el sistema integrado de maquila de exportaci\u00f3n (SIMEX). Existen las siguientes modalidades y tipo de operaci\u00f3n de programa de maquila: \u2022 Maquila Pura: solo para&#8230;<\/p>\n","protected":false},"author":1,"featured_media":0,"parent":0,"menu_order":0,"comment_status":"closed","ping_status":"closed","template":"","meta":{"pgc_sgb_lightbox_settings":"","_joinchat":[],"footnotes":""},"class_list":["post-3566","page","type-page","status-publish","hentry"],"_links":{"self":[{"href":"https:\/\/www.maquila.org.py\/v3\/wp-json\/wp\/v2\/pages\/3566"}],"collection":[{"href":"https:\/\/www.maquila.org.py\/v3\/wp-json\/wp\/v2\/pages"}],"about":[{"href":"https:\/\/www.maquila.org.py\/v3\/wp-json\/wp\/v2\/types\/page"}],"author":[{"embeddable":true,"href":"https:\/\/www.maquila.org.py\/v3\/wp-json\/wp\/v2\/users\/1"}],"replies":[{"embeddable":true,"href":"https:\/\/www.maquila.org.py\/v3\/wp-json\/wp\/v2\/comments?post=3566"}],"version-history":[{"count":1,"href":"https:\/\/www.maquila.org.py\/v3\/wp-json\/wp\/v2\/pages\/3566\/revisions"}],"predecessor-version":[{"id":3567,"href":"https:\/\/www.maquila.org.py\/v3\/wp-json\/wp\/v2\/pages\/3566\/revisions\/3567"}],"wp:attachment":[{"href":"https:\/\/www.maquila.org.py\/v3\/wp-json\/wp\/v2\/media?parent=3566"}],"curies":[{"name":"wp","href":"https:\/\/api.w.org\/{rel}","templated":true}]}}