{"id":3568,"date":"2025-03-28T08:27:50","date_gmt":"2025-03-28T11:27:50","guid":{"rendered":"https:\/\/www.maquila.org.py\/v3\/?page_id=3568"},"modified":"2025-03-31T17:53:47","modified_gmt":"2025-03-31T20:53:47","slug":"quienes-somos-2","status":"publish","type":"page","link":"https:\/\/www.maquila.org.py\/v3\/quienes-somos-2\/","title":{"rendered":"Quienes Somos"},"content":{"rendered":"<p>La C\u00e1mara de Empresas Maquiladoras del Paraguay CEMAP fue reconocida en fecha 30 de abril del 2001 seg\u00fan Decreto No. 12.985, emitido por la Presidencia de la Rep\u00fablica a trav\u00e9s del Ministerio del Interior.<\/p><p>Cuenta con un Estatuto Social, con un C\u00f3digo de \u00c9tica y con una Comisi\u00f3n Directiva.<br>Su filosof\u00eda de trabajo es desarrollar sus actividades en forma integrada, tanto en los \u00e1mbitos p\u00fablico como privado.<br><br>En el a\u00f1o 2002 se form\u00f3 una Alianza de C\u00e1maras, que tiene como objetivos el desarrollo, fortalecimiento y protecci\u00f3n de la Maquila.<\/p><hr class=\"wp-block-separator has-alpha-channel-opacity\"\/><h3 class=\"wp-block-heading\">VISI\u00d3N<\/h3><p>\u2022 Fomentar una colaboraci\u00f3n s\u00f3lida y eficaz entre el sector privado, el gobierno, organismos multilaterales y multinacionales, con el prop\u00f3sito de impulsar un desarrollo autosustentable en todos los \u00e1mbitos.<\/p><h3 class=\"wp-block-heading\">MISI\u00d3N<\/h3><p>\u2022 Promover el crecimiento, desarrollo tecnol\u00f3gico y constituci\u00f3n de m\u00e1s empresas maquiladoras en Paraguay.<\/p><p>\u2022 Representar los intereses de los miembros y fomentar una comunicaci\u00f3n fluida entre las autoridades locales y entidades regulatorias.<\/p><p>\u2022 Identificar y abordar problemas comunes que afectan a las empresas maquiladoras, implementando soluciones colaborativas que optimicen su funcionamiento y competitividad.<\/p><p>\u2022 Actuar como portavoz ante la opini\u00f3n p\u00fablica, los medios de prensa y las autoridades, defendiendo los intereses del sector con transparencia y efectividad.<\/p><p>\u2022 Constituirse como un punto central de comunicaci\u00f3n, facilitando el intercambio entre los miembros para fortalecer alianzas y fomentar el crecimiento conjunto.<\/p><figure class=\"wp-block-image size-full\"><img fetchpriority=\"high\" decoding=\"async\" width=\"1000\" height=\"668\" src=\"https:\/\/www.maquila.org.py\/v3\/wp-content\/uploads\/2025\/03\/CEMAP-2024.jpg\" alt=\"\" class=\"wp-image-3667\" srcset=\"https:\/\/www.maquila.org.py\/v3\/wp-content\/uploads\/2025\/03\/CEMAP-2024.jpg 1000w, https:\/\/www.maquila.org.py\/v3\/wp-content\/uploads\/2025\/03\/CEMAP-2024-300x200.jpg 300w, https:\/\/www.maquila.org.py\/v3\/wp-content\/uploads\/2025\/03\/CEMAP-2024-255x170.jpg 255w, https:\/\/www.maquila.org.py\/v3\/wp-content\/uploads\/2025\/03\/CEMAP-2024-510x341.jpg 510w, https:\/\/www.maquila.org.py\/v3\/wp-content\/uploads\/2025\/03\/CEMAP-2024-280x187.jpg 280w, https:\/\/www.maquila.org.py\/v3\/wp-content\/uploads\/2025\/03\/CEMAP-2024-560x374.jpg 560w, https:\/\/www.maquila.org.py\/v3\/wp-content\/uploads\/2025\/03\/CEMAP-2024-350x234.jpg 350w, https:\/\/www.maquila.org.py\/v3\/wp-content\/uploads\/2025\/03\/CEMAP-2024-700x468.jpg 700w, https:\/\/www.maquila.org.py\/v3\/wp-content\/uploads\/2025\/03\/CEMAP-2024-398x266.jpg 398w, https:\/\/www.maquila.org.py\/v3\/wp-content\/uploads\/2025\/03\/CEMAP-2024-796x532.jpg 796w, https:\/\/www.maquila.org.py\/v3\/wp-content\/uploads\/2025\/03\/CEMAP-2024-327x218.jpg 327w\" sizes=\"(max-width: 1000px) 100vw, 1000px\" \/><\/figure><hr class=\"wp-block-separator has-alpha-channel-opacity\"\/><p><\/p>","protected":false},"excerpt":{"rendered":"<p>La C\u00e1mara de Empresas Maquiladoras del Paraguay CEMAP fue reconocida en fecha 30 de abril del 2001 seg\u00fan Decreto No. 12.985, emitido por la Presidencia de la Rep\u00fablica a trav\u00e9s del Ministerio del Interior. Cuenta con un Estatuto Social, con un C\u00f3digo de \u00c9tica y con una Comisi\u00f3n Directiva.Su filosof\u00eda de trabajo es desarrollar sus&#8230;<\/p>\n","protected":false},"author":1,"featured_media":0,"parent":0,"menu_order":0,"comment_status":"closed","ping_status":"closed","template":"","meta":{"pgc_sgb_lightbox_settings":"","_joinchat":[],"footnotes":""},"class_list":["post-3568","page","type-page","status-publish","hentry"],"_links":{"self":[{"href":"https:\/\/www.maquila.org.py\/v3\/wp-json\/wp\/v2\/pages\/3568"}],"collection":[{"href":"https:\/\/www.maquila.org.py\/v3\/wp-json\/wp\/v2\/pages"}],"about":[{"href":"https:\/\/www.maquila.org.py\/v3\/wp-json\/wp\/v2\/types\/page"}],"author":[{"embeddable":true,"href":"https:\/\/www.maquila.org.py\/v3\/wp-json\/wp\/v2\/users\/1"}],"replies":[{"embeddable":true,"href":"https:\/\/www.maquila.org.py\/v3\/wp-json\/wp\/v2\/comments?post=3568"}],"version-history":[{"count":8,"href":"https:\/\/www.maquila.org.py\/v3\/wp-json\/wp\/v2\/pages\/3568\/revisions"}],"predecessor-version":[{"id":3668,"href":"https:\/\/www.maquila.org.py\/v3\/wp-json\/wp\/v2\/pages\/3568\/revisions\/3668"}],"wp:attachment":[{"href":"https:\/\/www.maquila.org.py\/v3\/wp-json\/wp\/v2\/media?parent=3568"}],"curies":[{"name":"wp","href":"https:\/\/api.w.org\/{rel}","templated":true}]}}